{"id":424,"date":"2021-11-21T17:00:50","date_gmt":"2021-11-21T16:00:50","guid":{"rendered":"http:\/\/reflexologie-vif-sud-isere.ovh\/?page_id=424"},"modified":"2024-04-22T04:46:43","modified_gmt":"2024-04-22T02:46:43","slug":"acceuil","status":"publish","type":"page","link":"https:\/\/reflexologie-vif-sud-isere.ovh\/","title":{"rendered":"ACCUEIL"},"content":{"rendered":"\n<p class=\"has-text-align-left\">Bienvenue sur mon site d\u00e9di\u00e9 \u00e0 la r\u00e9flexologie,                                       pratique naturelle ancestrale de mieux-\u00eatre et de pr\u00e9vention s&rsquo;adressant \u00e0 tous, d\u00e8s le plus jeune \u00e2ge.<\/p>\n\n\n\n<p>Sur ce site, vous trouverez toutes les informations concernant la r\u00e9flexologie plantaire mais aussi o\u00f9 me trouver, mes horaires et les diff\u00e9rents services propos\u00e9s. Besoin d&rsquo;en savoir plus, n&rsquo;h\u00e9sitez pas \u00e0 me contacter.<\/p>\n\n\n\n<p>Astrid Raineri, r\u00e9flexologue (titre enregistr\u00e9e au RNCP)<\/p>\n\n\n\n<p>T\u00e9l\u00e9phone : 06 07 60 88 64 <\/p>\n\n\n\n<p>Mail : astrid.raineri@orange.fr<\/p>\n\n\n\n<p><\/p>\n","protected":false},"excerpt":{"rendered":"<p>Bienvenue sur mon site d\u00e9di\u00e9 \u00e0 la r\u00e9flexologie, pratique naturelle ancestrale de mieux-\u00eatre et de pr\u00e9vention s&rsquo;adressant \u00e0 tous, d\u00e8s le plus jeune \u00e2ge. Sur ce site, vous trouverez toutes les informations concernant la r\u00e9flexologie plantaire mais aussi o\u00f9 me trouver, mes horaires et les diff\u00e9rents services propos\u00e9s. Besoin d&rsquo;en savoir plus, n&rsquo;h\u00e9sitez pas \u00e0 &hellip; <\/p>\n<p class=\"link-more\"><a href=\"https:\/\/reflexologie-vif-sud-isere.ovh\/\" class=\"more-link\">Continuer la lecture<span class=\"screen-reader-text\"> de &laquo;&nbsp;ACCUEIL&nbsp;&raquo;<\/span><\/a><\/p>\n","protected":false},"author":1,"featured_media":1140,"parent":0,"menu_order":0,"comment_status":"closed","ping_status":"closed","template":"","meta":[],"_links":{"self":[{"href":"https:\/\/reflexologie-vif-sud-isere.ovh\/index.php\/wp-json\/wp\/v2\/pages\/424"}],"collection":[{"href":"https:\/\/reflexologie-vif-sud-isere.ovh\/index.php\/wp-json\/wp\/v2\/pages"}],"about":[{"href":"https:\/\/reflexologie-vif-sud-isere.ovh\/index.php\/wp-json\/wp\/v2\/types\/page"}],"author":[{"embeddable":true,"href":"https:\/\/reflexologie-vif-sud-isere.ovh\/index.php\/wp-json\/wp\/v2\/users\/1"}],"replies":[{"embeddable":true,"href":"https:\/\/reflexologie-vif-sud-isere.ovh\/index.php\/wp-json\/wp\/v2\/comments?post=424"}],"version-history":[{"count":10,"href":"https:\/\/reflexologie-vif-sud-isere.ovh\/index.php\/wp-json\/wp\/v2\/pages\/424\/revisions"}],"predecessor-version":[{"id":755,"href":"https:\/\/reflexologie-vif-sud-isere.ovh\/index.php\/wp-json\/wp\/v2\/pages\/424\/revisions\/755"}],"wp:featuredmedia":[{"embeddable":true,"href":"https:\/\/reflexologie-vif-sud-isere.ovh\/index.php\/wp-json\/wp\/v2\/media\/1140"}],"wp:attachment":[{"href":"https:\/\/reflexologie-vif-sud-isere.ovh\/index.php\/wp-json\/wp\/v2\/media?parent=424"}],"curies":[{"name":"wp","href":"https:\/\/api.w.org\/{rel}","templated":true}]}}